{"id":921,"date":"2024-06-29T11:30:04","date_gmt":"2024-06-29T11:30:04","guid":{"rendered":"https:\/\/parvaksanas.boxlatvia.lv\/?page_id=921"},"modified":"2024-06-29T19:48:09","modified_gmt":"2024-06-29T19:48:09","slug":"sikdatnu-politika","status":"publish","type":"page","link":"https:\/\/parvaksanas.boxlatvia.lv\/index.php\/sikdatnu-politika\/","title":{"rendered":"S\u012bkdat\u0146u politika"},"content":{"rendered":"\t\t<div data-elementor-type=\"wp-page\" data-elementor-id=\"921\" class=\"elementor elementor-921\" data-elementor-post-type=\"page\">\n\t\t\t\t\t\t<section class=\"elementor-section elementor-top-section elementor-element elementor-element-aaa1a04 elementor-section-boxed elementor-section-height-default elementor-section-height-default\" data-id=\"aaa1a04\" data-element_type=\"section\" data-e-type=\"section\">\n\t\t\t\t\t\t<div class=\"elementor-container elementor-column-gap-default\">\n\t\t\t\t\t<div class=\"elementor-column elementor-col-100 elementor-top-column elementor-element elementor-element-f1ce5b1\" data-id=\"f1ce5b1\" data-element_type=\"column\" data-e-type=\"column\">\n\t\t\t<div class=\"elementor-widget-wrap elementor-element-populated\">\n\t\t\t\t\t\t<div class=\"elementor-element elementor-element-d3e38c6 elementor-widget elementor-widget-text-editor\" data-id=\"d3e38c6\" data-element_type=\"widget\" data-e-type=\"widget\" data-widget_type=\"text-editor.default\">\n\t\t\t\t<div class=\"elementor-widget-container\">\n\t\t\t\t\t\t\t\t\t<h4>Kas ir s\u012bkdatnes?<\/h4>\n<p>S\u012bkdatnes ir neliela izm\u0113ra faili, ko uz interneta vietnes apmekl\u0113t\u0101ja galaiek\u0101rtu (piem\u0113ram, datoru, mobilo t\u0101lruni) nos\u016bta apmekl\u0113t\u0101s interneta vietnes. S\u012bkdatnes tiek saglab\u0101tas interneta p\u0101rl\u016bkprogrammas (piem\u0113ram, Internet Explorer, Firefox) dat\u0146u direktorij\u0101 interneta vietnes apmekl\u0113t\u0101ja galaiek\u0101rtas cietaj\u0101 disk\u0101. N\u0101kamaj\u0101 reiz\u0113, kad interneta vietnes apmekl\u0113t\u0101js apmekl\u0113 to pa\u0161u interneta vietni, interneta p\u0101rl\u016bkprogramma lasa s\u012bkdatni un nodod inform\u0101ciju atpaka\u013c interneta vietnei vai elementam, kas s\u0101kotn\u0113ji iestat\u012bja s\u012bkdatni. S\u012bkdatnes nek\u0101d\u0101 veid\u0101 nerada apdraud\u0113jumu interneta vietnes apmekl\u0113t\u0101ja datoram.<\/p>\n<h4>K\u0101das s\u012bkdatnes izmantojam?<\/h4>\nLai uzlabotu interneta viet\u0146u funkcionalit\u0101ti un atvieglotu interneta viet\u0146u lieto\u0161anu, interneta vietn\u0113s tiek izmantoti \u0161\u0101di s\u012bkdat\u0146u veidi:\n<ol>\n \t<li>Sesijas s\u012bkdatnes: T\u0101s ir pagaidu s\u012bkdatnes, kuras tiek saglab\u0101tas tikai tik ilgi, kam\u0113r interneta vietnes apmekl\u0113t\u0101js neaizver interneta p\u0101rl\u016bkprogrammu p\u0113c piek\u013cuves interneta vietnei. Sesijas s\u012bkdatnes pal\u012bdz interneta vietnei atcer\u0113ties, ko apmekl\u0113t\u0101js izv\u0113l\u0113jies iepriek\u0161\u0113j\u0101 lap\u0101, lai nevajadz\u0113tu atk\u0101rtoti ievad\u012bt inform\u0101ciju.<\/li>\n \t<li>Past\u0101v\u012bg\u0101s s\u012bkdatnes: \u0160\u012bs s\u012bkdatnes p\u0113c m\u016bsu interneta vietnes apmekl\u0113\u0161anas nejau\u0161i izveidota numura veid\u0101 tiek saglab\u0101tas interneta vietnes apmekl\u0113t\u0101ja galaiek\u0101rt\u0101. T\u0101s identific\u0113 interneta vietnes apmekl\u0113t\u0101ju k\u0101 unik\u0101lu lietot\u0101ju, un, apmekl\u0113t\u0101jam atgrie\u017eoties interneta vietn\u0113, pal\u012bdz atcer\u0113ties inform\u0101ciju par apmekl\u0113t\u0101ju un par darb\u012bb\u0101m, kuras interneta vietnes apmekl\u0113t\u0101js iepriek\u0161 ir veicis. S\u012bkdatnes saglab\u0101\u0161an\u0101s laiks interneta vietnes apmekl\u0113t\u0101ja ier\u012bc\u0113 b\u016bs atkar\u012bgs no s\u012bkdatnes veida.<\/li>\n \t<li>Seko\u0161anas s\u012bkdatnes: \u0160\u012bs s\u012bkdatnes izmantojam interneta vietnes strukt\u016bras apskates statistikai.<\/li>\n<\/ol>\n<button type=\"button\" data-cc=\"show-preferencesModal\">P\u0101rvald\u012bt s\u012bkdat\u0146u iestat\u012bjumus<\/button>\t\t\t\t\t\t\t\t<\/div>\n\t\t\t\t<\/div>\n\t\t\t\t\t<\/div>\n\t\t<\/div>\n\t\t\t\t\t<\/div>\n\t\t<\/section>\n\t\t\t\t<\/div>\n\t\t","protected":false},"excerpt":{"rendered":"<p>Kas ir s\u012bkdatnes? S\u012bkdatnes ir neliela izm\u0113ra faili, ko uz interneta vietnes apmekl\u0113t\u0101ja galaiek\u0101rtu (piem\u0113ram, datoru, mobilo t\u0101lruni) nos\u016bta apmekl\u0113t\u0101s interneta vietnes. S\u012bkdatnes tiek saglab\u0101tas interneta p\u0101rl\u016bkprogrammas (piem\u0113ram, Internet Explorer, Firefox) dat\u0146u direktorij\u0101 interneta vietnes apmekl\u0113t\u0101ja galaiek\u0101rtas cietaj\u0101 disk\u0101. N\u0101kamaj\u0101 reiz\u0113, kad interneta vietnes apmekl\u0113t\u0101js apmekl\u0113 to pa\u0161u interneta vietni, interneta p\u0101rl\u016bkprogramma lasa s\u012bkdatni un [&hellip;]<\/p>\n","protected":false},"author":1,"featured_media":0,"parent":0,"menu_order":0,"comment_status":"closed","ping_status":"closed","template":"","meta":{"inline_featured_image":false,"ocean_post_layout":"","ocean_both_sidebars_style":"","ocean_both_sidebars_content_width":0,"ocean_both_sidebars_sidebars_width":0,"ocean_sidebar":"","ocean_second_sidebar":"","ocean_disable_margins":"enable","ocean_add_body_class":"","ocean_shortcode_before_top_bar":"","ocean_shortcode_after_top_bar":"","ocean_shortcode_before_header":"","ocean_shortcode_after_header":"","ocean_has_shortcode":"","ocean_shortcode_after_title":"","ocean_shortcode_before_footer_widgets":"","ocean_shortcode_after_footer_widgets":"","ocean_shortcode_before_footer_bottom":"","ocean_shortcode_after_footer_bottom":"","ocean_display_top_bar":"default","ocean_display_header":"default","ocean_header_style":"","ocean_center_header_left_menu":"","ocean_custom_header_template":"","ocean_custom_logo":0,"ocean_custom_retina_logo":0,"ocean_custom_logo_max_width":0,"ocean_custom_logo_tablet_max_width":0,"ocean_custom_logo_mobile_max_width":0,"ocean_custom_logo_max_height":0,"ocean_custom_logo_tablet_max_height":0,"ocean_custom_logo_mobile_max_height":0,"ocean_header_custom_menu":"","ocean_menu_typo_font_family":"","ocean_menu_typo_font_subset":"","ocean_menu_typo_font_size":0,"ocean_menu_typo_font_size_tablet":0,"ocean_menu_typo_font_size_mobile":0,"ocean_menu_typo_font_size_unit":"px","ocean_menu_typo_font_weight":"","ocean_menu_typo_font_weight_tablet":"","ocean_menu_typo_font_weight_mobile":"","ocean_menu_typo_transform":"","ocean_menu_typo_transform_tablet":"","ocean_menu_typo_transform_mobile":"","ocean_menu_typo_line_height":0,"ocean_menu_typo_line_height_tablet":0,"ocean_menu_typo_line_height_mobile":0,"ocean_menu_typo_line_height_unit":"","ocean_menu_typo_spacing":0,"ocean_menu_typo_spacing_tablet":0,"ocean_menu_typo_spacing_mobile":0,"ocean_menu_typo_spacing_unit":"","ocean_menu_link_color":"","ocean_menu_link_color_hover":"","ocean_menu_link_color_active":"","ocean_menu_link_background":"","ocean_menu_link_hover_background":"","ocean_menu_link_active_background":"","ocean_menu_social_links_bg":"","ocean_menu_social_hover_links_bg":"","ocean_menu_social_links_color":"","ocean_menu_social_hover_links_color":"","ocean_disable_title":"default","ocean_disable_heading":"default","ocean_post_title":"","ocean_post_subheading":"","ocean_post_title_style":"","ocean_post_title_background_color":"","ocean_post_title_background":0,"ocean_post_title_bg_image_position":"","ocean_post_title_bg_image_attachment":"","ocean_post_title_bg_image_repeat":"","ocean_post_title_bg_image_size":"","ocean_post_title_height":0,"ocean_post_title_bg_overlay":0.5,"ocean_post_title_bg_overlay_color":"","ocean_disable_breadcrumbs":"default","ocean_breadcrumbs_color":"","ocean_breadcrumbs_separator_color":"","ocean_breadcrumbs_links_color":"","ocean_breadcrumbs_links_hover_color":"","ocean_display_footer_widgets":"default","ocean_display_footer_bottom":"default","ocean_custom_footer_template":"","footnotes":""},"class_list":["post-921","page","type-page","status-publish","hentry","entry"],"yoast_head":"<!-- This site is optimized with the Yoast SEO plugin v27.4 - https:\/\/yoast.com\/product\/yoast-seo-wordpress\/ -->\n<title>S\u012bkdat\u0146u politika - Box Latvia<\/title>\n<meta name=\"description\" content=\"Efekt\u012bvi p\u0101rv\u0101k\u0161an\u0101s pakalpojumi par pie\u0146emamu cenu. Pied\u0101v\u0101jam m\u0113be\u013cu mont\u0101\u017eu, pako\u0161anu, telpu uzkop\u0161anu, bezmaksas konsult\u0101ciju pirms darbu uzs\u0101k\u0161anas.\" \/>\n<meta name=\"robots\" content=\"index, follow, max-snippet:-1, max-image-preview:large, max-video-preview:-1\" \/>\n<link rel=\"canonical\" href=\"https:\/\/parvaksanas.boxlatvia.lv\/index.php\/sikdatnu-politika\/\" \/>\n<meta property=\"og:locale\" content=\"lv_LV\" \/>\n<meta property=\"og:type\" content=\"article\" \/>\n<meta property=\"og:title\" content=\"S\u012bkdat\u0146u politika - Box Latvia\" \/>\n<meta property=\"og:description\" content=\"Efekt\u012bvi p\u0101rv\u0101k\u0161an\u0101s pakalpojumi par pie\u0146emamu cenu. Pied\u0101v\u0101jam m\u0113be\u013cu mont\u0101\u017eu, pako\u0161anu, telpu uzkop\u0161anu, bezmaksas konsult\u0101ciju pirms darbu uzs\u0101k\u0161anas.\" \/>\n<meta property=\"og:url\" content=\"https:\/\/parvaksanas.boxlatvia.lv\/index.php\/sikdatnu-politika\/\" \/>\n<meta property=\"og:site_name\" content=\"Box Latvia\" \/>\n<meta property=\"article:publisher\" content=\"https:\/\/www.facebook.com\/BOX-Latvia-p%c4%81rv%c4%81k%c5%a1an%c4%81s-serviss-100306668448670\" \/>\n<meta property=\"article:modified_time\" content=\"2024-06-29T19:48:09+00:00\" \/>\n<meta name=\"twitter:card\" content=\"summary_large_image\" \/>\n<meta name=\"twitter:label1\" content=\"Est. reading time\" \/>\n\t<meta name=\"twitter:data1\" content=\"1 minute\" \/>\n<script type=\"application\/ld+json\" class=\"yoast-schema-graph\">{\"@context\":\"https:\\\/\\\/schema.org\",\"@graph\":[{\"@type\":\"WebPage\",\"@id\":\"https:\\\/\\\/parvaksanas.boxlatvia.lv\\\/index.php\\\/sikdatnu-politika\\\/\",\"url\":\"https:\\\/\\\/parvaksanas.boxlatvia.lv\\\/index.php\\\/sikdatnu-politika\\\/\",\"name\":\"S\u012bkdat\u0146u politika - Box Latvia\",\"isPartOf\":{\"@id\":\"https:\\\/\\\/parvaksanas.boxlatvia.lv\\\/#website\"},\"datePublished\":\"2024-06-29T11:30:04+00:00\",\"dateModified\":\"2024-06-29T19:48:09+00:00\",\"description\":\"Efekt\u012bvi p\u0101rv\u0101k\u0161an\u0101s pakalpojumi par pie\u0146emamu cenu. Pied\u0101v\u0101jam m\u0113be\u013cu mont\u0101\u017eu, pako\u0161anu, telpu uzkop\u0161anu, bezmaksas konsult\u0101ciju pirms darbu uzs\u0101k\u0161anas.\",\"breadcrumb\":{\"@id\":\"https:\\\/\\\/parvaksanas.boxlatvia.lv\\\/index.php\\\/sikdatnu-politika\\\/#breadcrumb\"},\"inLanguage\":\"lv-LV\",\"potentialAction\":[{\"@type\":\"ReadAction\",\"target\":[\"https:\\\/\\\/parvaksanas.boxlatvia.lv\\\/index.php\\\/sikdatnu-politika\\\/\"]}]},{\"@type\":\"BreadcrumbList\",\"@id\":\"https:\\\/\\\/parvaksanas.boxlatvia.lv\\\/index.php\\\/sikdatnu-politika\\\/#breadcrumb\",\"itemListElement\":[{\"@type\":\"ListItem\",\"position\":1,\"name\":\"Home\",\"item\":\"https:\\\/\\\/parvaksanas.boxlatvia.lv\\\/\"},{\"@type\":\"ListItem\",\"position\":2,\"name\":\"S\u012bkdat\u0146u politika\"}]},{\"@type\":\"WebSite\",\"@id\":\"https:\\\/\\\/parvaksanas.boxlatvia.lv\\\/#website\",\"url\":\"https:\\\/\\\/parvaksanas.boxlatvia.lv\\\/\",\"name\":\"Box Latvia\",\"description\":\"Efekt\u012bvs p\u0101rv\u0101k\u0161an\u0101s serviss\",\"publisher\":{\"@id\":\"https:\\\/\\\/parvaksanas.boxlatvia.lv\\\/#organization\"},\"potentialAction\":[{\"@type\":\"SearchAction\",\"target\":{\"@type\":\"EntryPoint\",\"urlTemplate\":\"https:\\\/\\\/parvaksanas.boxlatvia.lv\\\/?s={search_term_string}\"},\"query-input\":{\"@type\":\"PropertyValueSpecification\",\"valueRequired\":true,\"valueName\":\"search_term_string\"}}],\"inLanguage\":\"lv-LV\"},{\"@type\":\"Organization\",\"@id\":\"https:\\\/\\\/parvaksanas.boxlatvia.lv\\\/#organization\",\"name\":\"Box Latvia\",\"url\":\"https:\\\/\\\/parvaksanas.boxlatvia.lv\\\/\",\"logo\":{\"@type\":\"ImageObject\",\"inLanguage\":\"lv-LV\",\"@id\":\"https:\\\/\\\/parvaksanas.boxlatvia.lv\\\/#\\\/schema\\\/logo\\\/image\\\/\",\"url\":\"https:\\\/\\\/parvaksanas.boxlatvia.lv\\\/wp-content\\\/uploads\\\/2020\\\/08\\\/box-latvia-logo.svg\",\"contentUrl\":\"https:\\\/\\\/parvaksanas.boxlatvia.lv\\\/wp-content\\\/uploads\\\/2020\\\/08\\\/box-latvia-logo.svg\",\"width\":1,\"height\":1,\"caption\":\"Box Latvia\"},\"image\":{\"@id\":\"https:\\\/\\\/parvaksanas.boxlatvia.lv\\\/#\\\/schema\\\/logo\\\/image\\\/\"},\"sameAs\":[\"https:\\\/\\\/www.facebook.com\\\/BOX-Latvia-p\u0101rv\u0101k\u0161an\u0101s-serviss-100306668448670\"]}]}<\/script>\n<!-- \/ Yoast SEO plugin. -->","yoast_head_json":{"title":"S\u012bkdat\u0146u politika - Box Latvia","description":"Efekt\u012bvi p\u0101rv\u0101k\u0161an\u0101s pakalpojumi par pie\u0146emamu cenu. Pied\u0101v\u0101jam m\u0113be\u013cu mont\u0101\u017eu, pako\u0161anu, telpu uzkop\u0161anu, bezmaksas konsult\u0101ciju pirms darbu uzs\u0101k\u0161anas.","robots":{"index":"index","follow":"follow","max-snippet":"max-snippet:-1","max-image-preview":"max-image-preview:large","max-video-preview":"max-video-preview:-1"},"canonical":"https:\/\/parvaksanas.boxlatvia.lv\/index.php\/sikdatnu-politika\/","og_locale":"lv_LV","og_type":"article","og_title":"S\u012bkdat\u0146u politika - Box Latvia","og_description":"Efekt\u012bvi p\u0101rv\u0101k\u0161an\u0101s pakalpojumi par pie\u0146emamu cenu. Pied\u0101v\u0101jam m\u0113be\u013cu mont\u0101\u017eu, pako\u0161anu, telpu uzkop\u0161anu, bezmaksas konsult\u0101ciju pirms darbu uzs\u0101k\u0161anas.","og_url":"https:\/\/parvaksanas.boxlatvia.lv\/index.php\/sikdatnu-politika\/","og_site_name":"Box Latvia","article_publisher":"https:\/\/www.facebook.com\/BOX-Latvia-p%c4%81rv%c4%81k%c5%a1an%c4%81s-serviss-100306668448670","article_modified_time":"2024-06-29T19:48:09+00:00","twitter_card":"summary_large_image","twitter_misc":{"Est. reading time":"1 minute"},"schema":{"@context":"https:\/\/schema.org","@graph":[{"@type":"WebPage","@id":"https:\/\/parvaksanas.boxlatvia.lv\/index.php\/sikdatnu-politika\/","url":"https:\/\/parvaksanas.boxlatvia.lv\/index.php\/sikdatnu-politika\/","name":"S\u012bkdat\u0146u politika - Box Latvia","isPartOf":{"@id":"https:\/\/parvaksanas.boxlatvia.lv\/#website"},"datePublished":"2024-06-29T11:30:04+00:00","dateModified":"2024-06-29T19:48:09+00:00","description":"Efekt\u012bvi p\u0101rv\u0101k\u0161an\u0101s pakalpojumi par pie\u0146emamu cenu. Pied\u0101v\u0101jam m\u0113be\u013cu mont\u0101\u017eu, pako\u0161anu, telpu uzkop\u0161anu, bezmaksas konsult\u0101ciju pirms darbu uzs\u0101k\u0161anas.","breadcrumb":{"@id":"https:\/\/parvaksanas.boxlatvia.lv\/index.php\/sikdatnu-politika\/#breadcrumb"},"inLanguage":"lv-LV","potentialAction":[{"@type":"ReadAction","target":["https:\/\/parvaksanas.boxlatvia.lv\/index.php\/sikdatnu-politika\/"]}]},{"@type":"BreadcrumbList","@id":"https:\/\/parvaksanas.boxlatvia.lv\/index.php\/sikdatnu-politika\/#breadcrumb","itemListElement":[{"@type":"ListItem","position":1,"name":"Home","item":"https:\/\/parvaksanas.boxlatvia.lv\/"},{"@type":"ListItem","position":2,"name":"S\u012bkdat\u0146u politika"}]},{"@type":"WebSite","@id":"https:\/\/parvaksanas.boxlatvia.lv\/#website","url":"https:\/\/parvaksanas.boxlatvia.lv\/","name":"Box Latvia","description":"Efekt\u012bvs p\u0101rv\u0101k\u0161an\u0101s serviss","publisher":{"@id":"https:\/\/parvaksanas.boxlatvia.lv\/#organization"},"potentialAction":[{"@type":"SearchAction","target":{"@type":"EntryPoint","urlTemplate":"https:\/\/parvaksanas.boxlatvia.lv\/?s={search_term_string}"},"query-input":{"@type":"PropertyValueSpecification","valueRequired":true,"valueName":"search_term_string"}}],"inLanguage":"lv-LV"},{"@type":"Organization","@id":"https:\/\/parvaksanas.boxlatvia.lv\/#organization","name":"Box Latvia","url":"https:\/\/parvaksanas.boxlatvia.lv\/","logo":{"@type":"ImageObject","inLanguage":"lv-LV","@id":"https:\/\/parvaksanas.boxlatvia.lv\/#\/schema\/logo\/image\/","url":"https:\/\/parvaksanas.boxlatvia.lv\/wp-content\/uploads\/2020\/08\/box-latvia-logo.svg","contentUrl":"https:\/\/parvaksanas.boxlatvia.lv\/wp-content\/uploads\/2020\/08\/box-latvia-logo.svg","width":1,"height":1,"caption":"Box Latvia"},"image":{"@id":"https:\/\/parvaksanas.boxlatvia.lv\/#\/schema\/logo\/image\/"},"sameAs":["https:\/\/www.facebook.com\/BOX-Latvia-p\u0101rv\u0101k\u0161an\u0101s-serviss-100306668448670"]}]}},"_links":{"self":[{"href":"https:\/\/parvaksanas.boxlatvia.lv\/index.php\/wp-json\/wp\/v2\/pages\/921","targetHints":{"allow":["GET"]}}],"collection":[{"href":"https:\/\/parvaksanas.boxlatvia.lv\/index.php\/wp-json\/wp\/v2\/pages"}],"about":[{"href":"https:\/\/parvaksanas.boxlatvia.lv\/index.php\/wp-json\/wp\/v2\/types\/page"}],"author":[{"embeddable":true,"href":"https:\/\/parvaksanas.boxlatvia.lv\/index.php\/wp-json\/wp\/v2\/users\/1"}],"replies":[{"embeddable":true,"href":"https:\/\/parvaksanas.boxlatvia.lv\/index.php\/wp-json\/wp\/v2\/comments?post=921"}],"version-history":[{"count":11,"href":"https:\/\/parvaksanas.boxlatvia.lv\/index.php\/wp-json\/wp\/v2\/pages\/921\/revisions"}],"predecessor-version":[{"id":953,"href":"https:\/\/parvaksanas.boxlatvia.lv\/index.php\/wp-json\/wp\/v2\/pages\/921\/revisions\/953"}],"wp:attachment":[{"href":"https:\/\/parvaksanas.boxlatvia.lv\/index.php\/wp-json\/wp\/v2\/media?parent=921"}],"curies":[{"name":"wp","href":"https:\/\/api.w.org\/{rel}","templated":true}]}}